{"id":145,"date":"2020-11-17T09:18:38","date_gmt":"2020-11-17T08:18:38","guid":{"rendered":"https:\/\/agriweb.tv\/?page_id=145"},"modified":"2024-03-17T16:32:25","modified_gmt":"2024-03-17T15:32:25","slug":"proposer-votre-video","status":"publish","type":"page","link":"https:\/\/agriweb.tv\/index.php\/proposer-votre-video\/","title":{"rendered":"Proposer votre vid\u00e9o"},"content":{"rendered":"\n<div class=\"wp-block-columns is-layout-flex wp-container-core-columns-layout-1 wp-block-columns-is-layout-flex\">\n<div class=\"wp-block-column is-layout-flow wp-block-column-is-layout-flow\">\n<div class=\"wp-block-contact-form-7-contact-form-selector\">\n<div class=\"wpcf7 no-js\" id=\"wpcf7-f144-o1\" lang=\"fr-FR\" dir=\"ltr\">\n<div class=\"screen-reader-response\"><p role=\"status\" aria-live=\"polite\" aria-atomic=\"true\"><\/p> <ul><\/ul><\/div>\n<form action=\"\/index.php\/wp-json\/wp\/v2\/pages\/145#wpcf7-f144-o1\" method=\"post\" class=\"wpcf7-form init\" aria-label=\"Formulaire de contact\" novalidate=\"novalidate\" data-status=\"init\">\n<div style=\"display: none;\">\n<input type=\"hidden\" name=\"_wpcf7\" value=\"144\" \/>\n<input type=\"hidden\" name=\"_wpcf7_version\" value=\"5.7.6\" \/>\n<input type=\"hidden\" name=\"_wpcf7_locale\" value=\"fr_FR\" \/>\n<input type=\"hidden\" name=\"_wpcf7_unit_tag\" value=\"wpcf7-f144-o1\" \/>\n<input type=\"hidden\" name=\"_wpcf7_container_post\" value=\"0\" \/>\n<input type=\"hidden\" name=\"_wpcf7_posted_data_hash\" value=\"\" \/>\n<\/div>\n<p><label> Votre nom *<br \/>\n<span class=\"wpcf7-form-control-wrap\" data-name=\"your-name\"><input size=\"40\" class=\"wpcf7-form-control wpcf7-text wpcf7-validates-as-required\" aria-required=\"true\" aria-invalid=\"false\" value=\"\" type=\"text\" name=\"your-name\" \/><\/span> <\/label>\n<\/p>\n<p><label> Votre adresse de messagerie *<br \/>\n<span class=\"wpcf7-form-control-wrap\" data-name=\"your-email\"><input size=\"40\" class=\"wpcf7-form-control wpcf7-text wpcf7-email wpcf7-validates-as-required wpcf7-validates-as-email\" aria-required=\"true\" aria-invalid=\"false\" value=\"\" type=\"email\" name=\"your-email\" \/><\/span> <\/label>\n<\/p>\n<p><label> Objet *<br \/>\n<span class=\"wpcf7-form-control-wrap\" data-name=\"your-subject\"><input size=\"40\" class=\"wpcf7-form-control wpcf7-text wpcf7-validates-as-required\" aria-required=\"true\" aria-invalid=\"false\" value=\"\" type=\"text\" name=\"your-subject\" \/><\/span> <\/label>\n<\/p>\n<p><label> Votre message<br \/>\n<span class=\"wpcf7-form-control-wrap\" data-name=\"your-message\"><textarea cols=\"40\" rows=\"10\" class=\"wpcf7-form-control wpcf7-textarea\" aria-invalid=\"false\" name=\"your-message\"><\/textarea><\/span> <\/label>\n<\/p>\n<p><input class=\"wpcf7-form-control has-spinner wpcf7-submit\" type=\"submit\" value=\"Envoyer\" \/>\n<\/p><div class=\"wpcf7-response-output\" aria-hidden=\"true\"><\/div>\n<\/form>\n<\/div>\n<\/div>\n<\/div>\n\n\n\n<div class=\"wp-block-column is-layout-flow wp-block-column-is-layout-flow\">\n<h3 class=\"wp-block-heading\"><strong>Contacts<\/strong><\/h3>\n\n\n\n<p><strong>Bruno MILLET<\/strong> \u2013 Commissaire G\u00e9n\u00e9ral<br>T\u00e9l : 06 81 42 77 40<br><a href=\"mailto:brunomillet.sanaq@orange.fr\">brunomillet.sanaq@orange.fr<\/a><\/p>\n\n\n\n<p><strong>Elisabeth UMINSKI<\/strong> \u2013 Communication<br>T\u00e9l : 05 56 01 33 38<br>elisabeth.uminski@na.chambagri.fr<\/p>\n<\/div>\n<\/div>\n\n\n\n<p><\/p>\n","protected":false},"excerpt":{"rendered":"<p>Contacts Bruno MILLET \u2013 Commissaire G\u00e9n\u00e9ralT\u00e9l : 06 81 42 77 40brunomillet.sanaq@orange.fr Elisabeth UMINSKI \u2013 CommunicationT\u00e9l : 05 56 01 33 38elisabeth.uminski@na.chambagri.fr<\/p>\n","protected":false},"author":1,"featured_media":0,"parent":0,"menu_order":0,"comment_status":"closed","ping_status":"closed","template":"","meta":{"_acf_changed":false,"footnotes":""},"acf":[],"yoast_head":"<!-- This site is optimized with the Yoast SEO plugin v20.7 - https:\/\/yoast.com\/wordpress\/plugins\/seo\/ -->\n<title>Proposer votre vid\u00e9o - AGRIWEB TV<\/title>\n<meta name=\"robots\" content=\"index, follow, max-snippet:-1, max-image-preview:large, max-video-preview:-1\" \/>\n<link rel=\"canonical\" href=\"https:\/\/agriweb.tv\/index.php\/proposer-votre-video\/\" \/>\n<meta property=\"og:locale\" content=\"fr_FR\" \/>\n<meta property=\"og:type\" content=\"article\" \/>\n<meta property=\"og:title\" content=\"Proposer votre vid\u00e9o - AGRIWEB TV\" \/>\n<meta property=\"og:description\" content=\"Contacts Bruno MILLET \u2013 Commissaire G\u00e9n\u00e9ralT\u00e9l : 06 81 42 77 40brunomillet.sanaq@orange.fr Elisabeth UMINSKI \u2013 CommunicationT\u00e9l : 05 56 01 33 38elisabeth.uminski@na.chambagri.fr\" \/>\n<meta property=\"og:url\" content=\"https:\/\/agriweb.tv\/index.php\/proposer-votre-video\/\" \/>\n<meta property=\"og:site_name\" content=\"AGRIWEB TV\" \/>\n<meta property=\"article:publisher\" content=\"https:\/\/www.facebook.com\/SalondelagricultureNouvelleAquitaine\/\" \/>\n<meta property=\"article:modified_time\" content=\"2024-03-17T15:32:25+00:00\" \/>\n<meta name=\"twitter:card\" content=\"summary_large_image\" \/>\n<meta name=\"twitter:site\" content=\"@Agri_Aquitaine\" \/>\n<meta name=\"twitter:label1\" content=\"Dur\u00e9e de lecture estim\u00e9e\" \/>\n\t<meta name=\"twitter:data1\" content=\"1 minute\" \/>\n<script type=\"application\/ld+json\" class=\"yoast-schema-graph\">{\"@context\":\"https:\/\/schema.org\",\"@graph\":[{\"@type\":\"WebPage\",\"@id\":\"https:\/\/agriweb.tv\/index.php\/proposer-votre-video\/\",\"url\":\"https:\/\/agriweb.tv\/index.php\/proposer-votre-video\/\",\"name\":\"Proposer votre vid\u00e9o - AGRIWEB TV\",\"isPartOf\":{\"@id\":\"https:\/\/agriweb.tv\/#website\"},\"datePublished\":\"2020-11-17T08:18:38+00:00\",\"dateModified\":\"2024-03-17T15:32:25+00:00\",\"breadcrumb\":{\"@id\":\"https:\/\/agriweb.tv\/index.php\/proposer-votre-video\/#breadcrumb\"},\"inLanguage\":\"fr-FR\",\"potentialAction\":[{\"@type\":\"ReadAction\",\"target\":[\"https:\/\/agriweb.tv\/index.php\/proposer-votre-video\/\"]}]},{\"@type\":\"BreadcrumbList\",\"@id\":\"https:\/\/agriweb.tv\/index.php\/proposer-votre-video\/#breadcrumb\",\"itemListElement\":[{\"@type\":\"ListItem\",\"position\":1,\"name\":\"Accueil\",\"item\":\"https:\/\/agriweb.tv\/\"},{\"@type\":\"ListItem\",\"position\":2,\"name\":\"Proposer votre vid\u00e9o\"}]},{\"@type\":\"WebSite\",\"@id\":\"https:\/\/agriweb.tv\/#website\",\"url\":\"https:\/\/agriweb.tv\/\",\"name\":\"AGRIWEB TV\",\"description\":\"Parlons agricultures en Nouvelle-Aquitaine\",\"potentialAction\":[{\"@type\":\"SearchAction\",\"target\":{\"@type\":\"EntryPoint\",\"urlTemplate\":\"https:\/\/agriweb.tv\/?s={search_term_string}\"},\"query-input\":\"required name=search_term_string\"}],\"inLanguage\":\"fr-FR\"}]}<\/script>\n<!-- \/ Yoast SEO plugin. -->","yoast_head_json":{"title":"Proposer votre vid\u00e9o - AGRIWEB TV","robots":{"index":"index","follow":"follow","max-snippet":"max-snippet:-1","max-image-preview":"max-image-preview:large","max-video-preview":"max-video-preview:-1"},"canonical":"https:\/\/agriweb.tv\/index.php\/proposer-votre-video\/","og_locale":"fr_FR","og_type":"article","og_title":"Proposer votre vid\u00e9o - AGRIWEB TV","og_description":"Contacts Bruno MILLET \u2013 Commissaire G\u00e9n\u00e9ralT\u00e9l : 06 81 42 77 40brunomillet.sanaq@orange.fr Elisabeth UMINSKI \u2013 CommunicationT\u00e9l : 05 56 01 33 38elisabeth.uminski@na.chambagri.fr","og_url":"https:\/\/agriweb.tv\/index.php\/proposer-votre-video\/","og_site_name":"AGRIWEB TV","article_publisher":"https:\/\/www.facebook.com\/SalondelagricultureNouvelleAquitaine\/","article_modified_time":"2024-03-17T15:32:25+00:00","twitter_card":"summary_large_image","twitter_site":"@Agri_Aquitaine","twitter_misc":{"Dur\u00e9e de lecture estim\u00e9e":"1 minute"},"schema":{"@context":"https:\/\/schema.org","@graph":[{"@type":"WebPage","@id":"https:\/\/agriweb.tv\/index.php\/proposer-votre-video\/","url":"https:\/\/agriweb.tv\/index.php\/proposer-votre-video\/","name":"Proposer votre vid\u00e9o - AGRIWEB TV","isPartOf":{"@id":"https:\/\/agriweb.tv\/#website"},"datePublished":"2020-11-17T08:18:38+00:00","dateModified":"2024-03-17T15:32:25+00:00","breadcrumb":{"@id":"https:\/\/agriweb.tv\/index.php\/proposer-votre-video\/#breadcrumb"},"inLanguage":"fr-FR","potentialAction":[{"@type":"ReadAction","target":["https:\/\/agriweb.tv\/index.php\/proposer-votre-video\/"]}]},{"@type":"BreadcrumbList","@id":"https:\/\/agriweb.tv\/index.php\/proposer-votre-video\/#breadcrumb","itemListElement":[{"@type":"ListItem","position":1,"name":"Accueil","item":"https:\/\/agriweb.tv\/"},{"@type":"ListItem","position":2,"name":"Proposer votre vid\u00e9o"}]},{"@type":"WebSite","@id":"https:\/\/agriweb.tv\/#website","url":"https:\/\/agriweb.tv\/","name":"AGRIWEB TV","description":"Parlons agricultures en Nouvelle-Aquitaine","potentialAction":[{"@type":"SearchAction","target":{"@type":"EntryPoint","urlTemplate":"https:\/\/agriweb.tv\/?s={search_term_string}"},"query-input":"required name=search_term_string"}],"inLanguage":"fr-FR"}]}},"_links":{"self":[{"href":"https:\/\/agriweb.tv\/index.php\/wp-json\/wp\/v2\/pages\/145"}],"collection":[{"href":"https:\/\/agriweb.tv\/index.php\/wp-json\/wp\/v2\/pages"}],"about":[{"href":"https:\/\/agriweb.tv\/index.php\/wp-json\/wp\/v2\/types\/page"}],"author":[{"embeddable":true,"href":"https:\/\/agriweb.tv\/index.php\/wp-json\/wp\/v2\/users\/1"}],"replies":[{"embeddable":true,"href":"https:\/\/agriweb.tv\/index.php\/wp-json\/wp\/v2\/comments?post=145"}],"version-history":[{"count":10,"href":"https:\/\/agriweb.tv\/index.php\/wp-json\/wp\/v2\/pages\/145\/revisions"}],"predecessor-version":[{"id":7834,"href":"https:\/\/agriweb.tv\/index.php\/wp-json\/wp\/v2\/pages\/145\/revisions\/7834"}],"wp:attachment":[{"href":"https:\/\/agriweb.tv\/index.php\/wp-json\/wp\/v2\/media?parent=145"}],"curies":[{"name":"wp","href":"https:\/\/api.w.org\/{rel}","templated":true}]}}